{"id":25876,"date":"2023-06-26T13:56:49","date_gmt":"2023-06-26T13:56:49","guid":{"rendered":"https:\/\/onlove.lt\/home\/"},"modified":"2025-06-26T18:51:30","modified_gmt":"2025-06-26T18:51:30","slug":"home","status":"publish","type":"page","link":"https:\/\/onlove.lt\/en\/","title":{"rendered":"Home"},"content":{"rendered":"\t\t<div data-elementor-type=\"wp-page\" data-elementor-id=\"25876\" class=\"elementor elementor-25876 elementor-21345\">\n\t\t\t\t<div class=\"elementor-element elementor-element-2a5cc71 e-con-full elementor-hidden-mobile e-flex e-con e-parent\" data-id=\"2a5cc71\" data-element_type=\"container\">\n\t\t\t\t<div class=\"elementor-element elementor-element-f087e31 elementor-widget-divider--view-line elementor-widget elementor-widget-divider\" data-id=\"f087e31\" data-element_type=\"widget\" data-widget_type=\"divider.default\">\n\t\t\t\t<div class=\"elementor-widget-container\">\n\t\t\t\t\t\t\t<div class=\"elementor-divider\">\n\t\t\t<span class=\"elementor-divider-separator\">\n\t\t\t\t\t\t<\/span>\n\t\t<\/div>\n\t\t\t\t\t\t<\/div>\n\t\t\t\t<\/div>\n\t\t\t\t<\/div>\n\t\t<div class=\"elementor-element elementor-element-ba94044 elementor-hidden-mobile e-flex e-con-boxed e-con e-parent\" data-id=\"ba94044\" data-element_type=\"container\">\n\t\t\t\t\t<div class=\"e-con-inner\">\n\t\t\t\t<div class=\"elementor-element elementor-element-a887892 elementor-icon-list--layout-inline elementor-align-center elementor-mobile-align-center elementor-list-item-link-full_width elementor-widget elementor-widget-icon-list\" data-id=\"a887892\" data-element_type=\"widget\" data-widget_type=\"icon-list.default\">\n\t\t\t\t<div class=\"elementor-widget-container\">\n\t\t\t\t\t\t\t<ul class=\"elementor-icon-list-items elementor-inline-items\">\n\t\t\t\t\t\t\t<li class=\"elementor-icon-list-item elementor-inline-item\">\n\t\t\t\t\t\t\t\t\t\t\t<span class=\"elementor-icon-list-icon\">\n\t\t\t\t\t\t\t<i aria-hidden=\"true\" class=\"icomoon icomoon-truck\"><\/i>\t\t\t\t\t\t<\/span>\n\t\t\t\t\t\t\t\t\t\t<span class=\"elementor-icon-list-text\">Free delivery from 50\u20ac<\/span>\n\t\t\t\t\t\t\t\t\t<\/li>\n\t\t\t\t\t\t\t\t<li class=\"elementor-icon-list-item elementor-inline-item\">\n\t\t\t\t\t\t\t\t\t\t\t<span class=\"elementor-icon-list-icon\">\n\t\t\t\t\t\t\t<i aria-hidden=\"true\" class=\"icomoon icomoon-percentage\"><\/i>\t\t\t\t\t\t<\/span>\n\t\t\t\t\t\t\t\t\t\t<span class=\"elementor-icon-list-text\">Quality meets prices<\/span>\n\t\t\t\t\t\t\t\t\t<\/li>\n\t\t\t\t\t\t\t\t<li class=\"elementor-icon-list-item elementor-inline-item\">\n\t\t\t\t\t\t\t\t\t\t\t<span class=\"elementor-icon-list-icon\">\n\t\t\t\t\t\t\t<i aria-hidden=\"true\" class=\"icomoon icomoon-gift-box\"><\/i>\t\t\t\t\t\t<\/span>\n\t\t\t\t\t\t\t\t\t\t<span class=\"elementor-icon-list-text\">Can be gift-wrapped<\/span>\n\t\t\t\t\t\t\t\t\t<\/li>\n\t\t\t\t\t\t<\/ul>\n\t\t\t\t\t\t<\/div>\n\t\t\t\t<\/div>\n\t\t\t\t\t<\/div>\n\t\t\t\t<\/div>\n\t\t<div class=\"elementor-element elementor-element-ec47559 e-flex e-con-boxed e-con e-parent\" data-id=\"ec47559\" data-element_type=\"container\">\n\t\t\t\t\t<div class=\"e-con-inner\">\n\t\t<div class=\"elementor-element elementor-element-f956cc1 e-con-full e-flex e-con e-child\" data-id=\"f956cc1\" data-element_type=\"container\">\n\t\t\t\t<div class=\"elementor-element elementor-element-ca4ee2e elementor-widget elementor-widget-ts-banner\" data-id=\"ca4ee2e\" data-element_type=\"widget\" data-widget_type=\"ts-banner.default\">\n\t\t\t\t<div class=\"elementor-widget-container\">\n\t\t\t\t\t\t\t<div class=\"ts-banner text-left eff-image eff-scale left-bottom style-default description-bottom button-default img-mobile\" >\n\t\t\t<div class=\"banner-wrapper\">\n\t\t\t\n\t\t\t\t\t\t\t\t\n\t\t\t\t<div class=\"background-overlay\"><\/div>\n\t\t\t\t\t\t\t\n\t\t\t\t<div class=\"banner-bg\">\n\t\t\t\t<img loading=\"lazy\" decoding=\"async\" width=\"1000\" height=\"1300\" src=\"https:\/\/onlove.lt\/wp-content\/uploads\/2025\/03\/2020011519400520520.jpg\" class=\"bg-image mobile-banner\" alt=\"\" loading=\"lazy\" srcset=\"https:\/\/onlove.lt\/wp-content\/uploads\/2025\/03\/2020011519400520520.jpg 1000w, https:\/\/onlove.lt\/wp-content\/uploads\/2025\/03\/2020011519400520520-231x300.jpg 231w, https:\/\/onlove.lt\/wp-content\/uploads\/2025\/03\/2020011519400520520-788x1024.jpg 788w, https:\/\/onlove.lt\/wp-content\/uploads\/2025\/03\/2020011519400520520-768x998.jpg 768w, https:\/\/onlove.lt\/wp-content\/uploads\/2025\/03\/2020011519400520520-340x442.jpg 340w\" sizes=\"auto, (max-width: 1000px) 100vw, 1000px\" \/><img loading=\"lazy\" decoding=\"async\" width=\"1000\" height=\"1300\" src=\"https:\/\/onlove.lt\/wp-content\/uploads\/2025\/03\/2020011519400520520.jpg\" class=\"bg-image bg-image main-banner\" alt=\"\" loading=\"lazy\" srcset=\"https:\/\/onlove.lt\/wp-content\/uploads\/2025\/03\/2020011519400520520.jpg 1000w, https:\/\/onlove.lt\/wp-content\/uploads\/2025\/03\/2020011519400520520-231x300.jpg 231w, https:\/\/onlove.lt\/wp-content\/uploads\/2025\/03\/2020011519400520520-788x1024.jpg 788w, https:\/\/onlove.lt\/wp-content\/uploads\/2025\/03\/2020011519400520520-768x998.jpg 768w, https:\/\/onlove.lt\/wp-content\/uploads\/2025\/03\/2020011519400520520-340x442.jpg 340w\" sizes=\"auto, (max-width: 1000px) 100vw, 1000px\" \/>\t\t\t\t<\/div>\n\t\t\t\t\t\t\t\n\t\t\t\t<div class=\"box-content\">\n\t\t\t\t\t<div class=\"header-content\">\n\t\t\t\t\t\t\n\t\t\t\t\t\t\t\t\t\t\t\t\n\t\t\t\t\t\t\t\t\t\t\t\t<h2>Nightdress<\/h2>\n\t\t\t\t\t\t\t\t\t\t\t\t\n\t\t\t\t\t\t\t\t\t\t\t\t<h4>Comfortable and stylish<\/h4>\n\t\t\t\t\t\t\t\t\t\t\t\t\n\t\t\t\t\t\t\t\t\t\t\t\t\n\t\t\t\t\t\t\t\t\t\t\t\t\n\t\t\t\t\t\t\t\t\t\t\t\t\n\t\t\t\t\t\t\t\t\t\t\t\t<div class=\"ts-banner-button\">\n\t\t\t\t\t\t\n\t\t\t\t\t\t\t\t\t\t\t\t\t\t<a class=\"button\" href=\"https:\/\/onlove.lt\/en\/product-category\/womens-underwear\/robes\/\"  rel=\"nofollow\">\n\t\t\t\t\t\t\t\tLow prices\t\t\t\t\t\t\t<\/a>\n\t\t\t\t\t\t\t\t\t\t\t\t\t\t\n\t\t\t\t\t\t\t\t\t\t\t\t\t\t\n\t\t\t\t\t\t<\/div>\n\t\t\t\t\t\t\t\t\t\t\t\t\n\t\t\t\t\t<\/div>\n\t\t\t\t<\/div>\n\t\t\t\t\n\t\t\t<\/div>\n\t\t<\/div>\n\t\t\t\t\t\t<\/div>\n\t\t\t\t<\/div>\n\t\t\t\t<\/div>\n\t\t<div class=\"elementor-element elementor-element-dd6bc38 e-con-full e-flex e-con e-child\" data-id=\"dd6bc38\" data-element_type=\"container\">\n\t\t\t\t<div class=\"elementor-element elementor-element-8cfc8c7 elementor-widget elementor-widget-ts-banner\" data-id=\"8cfc8c7\" data-element_type=\"widget\" data-widget_type=\"ts-banner.default\">\n\t\t\t\t<div class=\"elementor-widget-container\">\n\t\t\t\t\t\t\t<div class=\"ts-banner text-left eff-image eff-scale left-bottom style-default description-bottom button-default img-mobile\" >\n\t\t\t<div class=\"banner-wrapper\">\n\t\t\t\n\t\t\t\t\t\t\t\t\n\t\t\t\t<div class=\"background-overlay\"><\/div>\n\t\t\t\t\t\t\t\n\t\t\t\t<div class=\"banner-bg\">\n\t\t\t\t<img loading=\"lazy\" decoding=\"async\" width=\"790\" height=\"1106\" src=\"https:\/\/onlove.lt\/wp-content\/uploads\/2025\/05\/ON-15-S.jpeg\" class=\"bg-image mobile-banner\" alt=\"\" loading=\"lazy\" srcset=\"https:\/\/onlove.lt\/wp-content\/uploads\/2025\/05\/ON-15-S.jpeg 790w, https:\/\/onlove.lt\/wp-content\/uploads\/2025\/05\/ON-15-S-214x300.jpeg 214w, https:\/\/onlove.lt\/wp-content\/uploads\/2025\/05\/ON-15-S-731x1024.jpeg 731w, https:\/\/onlove.lt\/wp-content\/uploads\/2025\/05\/ON-15-S-768x1075.jpeg 768w, https:\/\/onlove.lt\/wp-content\/uploads\/2025\/05\/ON-15-S-340x476.jpeg 340w\" sizes=\"auto, (max-width: 790px) 100vw, 790px\" \/><img loading=\"lazy\" decoding=\"async\" width=\"790\" height=\"1106\" src=\"https:\/\/onlove.lt\/wp-content\/uploads\/2025\/05\/ON-15-S.jpeg\" class=\"bg-image bg-image main-banner\" alt=\"\" loading=\"lazy\" srcset=\"https:\/\/onlove.lt\/wp-content\/uploads\/2025\/05\/ON-15-S.jpeg 790w, https:\/\/onlove.lt\/wp-content\/uploads\/2025\/05\/ON-15-S-214x300.jpeg 214w, https:\/\/onlove.lt\/wp-content\/uploads\/2025\/05\/ON-15-S-731x1024.jpeg 731w, https:\/\/onlove.lt\/wp-content\/uploads\/2025\/05\/ON-15-S-768x1075.jpeg 768w, https:\/\/onlove.lt\/wp-content\/uploads\/2025\/05\/ON-15-S-340x476.jpeg 340w\" sizes=\"auto, (max-width: 790px) 100vw, 790px\" \/>\t\t\t\t<\/div>\n\t\t\t\t\t\t\t\n\t\t\t\t<div class=\"box-content\">\n\t\t\t\t\t<div class=\"header-content\">\n\t\t\t\t\t\t\n\t\t\t\t\t\t\t\t\t\t\t\t\n\t\t\t\t\t\t\t\t\t\t\t\t<h2>Sportswear<\/h2>\n\t\t\t\t\t\t\t\t\t\t\t\t\n\t\t\t\t\t\t\t\t\t\t\t\t<h4>Movement, energy, style<\/h4>\n\t\t\t\t\t\t\t\t\t\t\t\t\n\t\t\t\t\t\t\t\t\t\t\t\t\n\t\t\t\t\t\t\t\t\t\t\t\t\n\t\t\t\t\t\t\t\t\t\t\t\t\n\t\t\t\t\t\t\t\t\t\t\t\t<div class=\"ts-banner-button\">\n\t\t\t\t\t\t\n\t\t\t\t\t\t\t\t\t\t\t\t\t\t<a class=\"button\" href=\"https:\/\/onlove.lt\/en\/product-category\/sportswear\/\"  rel=\"nofollow\">\n\t\t\t\t\t\t\t\tGreat deals\t\t\t\t\t\t\t<\/a>\n\t\t\t\t\t\t\t\t\t\t\t\t\t\t\n\t\t\t\t\t\t\t\t\t\t\t\t\t\t\n\t\t\t\t\t\t<\/div>\n\t\t\t\t\t\t\t\t\t\t\t\t\n\t\t\t\t\t<\/div>\n\t\t\t\t<\/div>\n\t\t\t\t\n\t\t\t<\/div>\n\t\t<\/div>\n\t\t\t\t\t\t<\/div>\n\t\t\t\t<\/div>\n\t\t\t\t<\/div>\n\t\t<div class=\"elementor-element elementor-element-2c27e01 e-con-full e-flex e-con e-child\" data-id=\"2c27e01\" data-element_type=\"container\">\n\t\t\t\t<div class=\"elementor-element elementor-element-e58212c elementor-widget elementor-widget-ts-banner\" data-id=\"e58212c\" data-element_type=\"widget\" data-widget_type=\"ts-banner.default\">\n\t\t\t\t<div class=\"elementor-widget-container\">\n\t\t\t\t\t\t\t<div class=\"ts-banner text-left eff-image eff-scale left-bottom style-default description-bottom button-default img-mobile\" >\n\t\t\t<div class=\"banner-wrapper\">\n\t\t\t\n\t\t\t\t\t\t\t\t\n\t\t\t\t<div class=\"background-overlay\"><\/div>\n\t\t\t\t\t\t\t\n\t\t\t\t<div class=\"banner-bg\">\n\t\t\t\t<img loading=\"lazy\" decoding=\"async\" width=\"1000\" height=\"1300\" src=\"https:\/\/onlove.lt\/wp-content\/uploads\/2025\/02\/20241017101916191619.jpg\" class=\"bg-image mobile-banner\" alt=\"\" loading=\"lazy\" srcset=\"https:\/\/onlove.lt\/wp-content\/uploads\/2025\/02\/20241017101916191619.jpg 1000w, https:\/\/onlove.lt\/wp-content\/uploads\/2025\/02\/20241017101916191619-231x300.jpg 231w, https:\/\/onlove.lt\/wp-content\/uploads\/2025\/02\/20241017101916191619-788x1024.jpg 788w, https:\/\/onlove.lt\/wp-content\/uploads\/2025\/02\/20241017101916191619-768x998.jpg 768w, https:\/\/onlove.lt\/wp-content\/uploads\/2025\/02\/20241017101916191619-340x442.jpg 340w\" sizes=\"auto, (max-width: 1000px) 100vw, 1000px\" \/><img loading=\"lazy\" decoding=\"async\" width=\"1000\" height=\"1300\" src=\"https:\/\/onlove.lt\/wp-content\/uploads\/2025\/02\/20241017101916191619.jpg\" class=\"bg-image bg-image main-banner\" alt=\"\" loading=\"lazy\" srcset=\"https:\/\/onlove.lt\/wp-content\/uploads\/2025\/02\/20241017101916191619.jpg 1000w, https:\/\/onlove.lt\/wp-content\/uploads\/2025\/02\/20241017101916191619-231x300.jpg 231w, https:\/\/onlove.lt\/wp-content\/uploads\/2025\/02\/20241017101916191619-788x1024.jpg 788w, https:\/\/onlove.lt\/wp-content\/uploads\/2025\/02\/20241017101916191619-768x998.jpg 768w, https:\/\/onlove.lt\/wp-content\/uploads\/2025\/02\/20241017101916191619-340x442.jpg 340w\" sizes=\"auto, (max-width: 1000px) 100vw, 1000px\" \/>\t\t\t\t<\/div>\n\t\t\t\t\t\t\t\n\t\t\t\t<div class=\"box-content\">\n\t\t\t\t\t<div class=\"header-content\">\n\t\t\t\t\t\t\n\t\t\t\t\t\t\t\t\t\t\t\t\n\t\t\t\t\t\t\t\t\t\t\t\t<h2>Sexy<\/br> Sets<\/h2>\n\t\t\t\t\t\t\t\t\t\t\t\t\n\t\t\t\t\t\t\t\t\t\t\t\t\n\t\t\t\t\t\t\t\t\t\t\t\t\n\t\t\t\t\t\t\t\t\t\t\t\t\n\t\t\t\t\t\t\t\t\t\t\t\t\n\t\t\t\t\t\t\t\t\t\t\t\t<div class=\"ts-banner-button\">\n\t\t\t\t\t\t\n\t\t\t\t\t\t\t\t\t\t\t\t\t\t<a class=\"button\" href=\"https:\/\/onlove.lt\/produkto-kategorija\/erotiniai-apatiniai\/seksualus-komplektai\/\"  rel=\"nofollow\">\n\t\t\t\t\t\t\t\tSeduce\t\t\t\t\t\t\t<\/a>\n\t\t\t\t\t\t\t\t\t\t\t\t\t\t\n\t\t\t\t\t\t\t\t\t\t\t\t\t\t\n\t\t\t\t\t\t<\/div>\n\t\t\t\t\t\t\t\t\t\t\t\t\n\t\t\t\t\t<\/div>\n\t\t\t\t<\/div>\n\t\t\t\t\n\t\t\t<\/div>\n\t\t<\/div>\n\t\t\t\t\t\t<\/div>\n\t\t\t\t<\/div>\n\t\t\t\t<\/div>\n\t\t\t\t\t<\/div>\n\t\t\t\t<\/div>\n\t\t<div class=\"elementor-element elementor-element-251819a e-flex e-con-boxed e-con e-parent\" data-id=\"251819a\" data-element_type=\"container\">\n\t\t\t\t\t<div class=\"e-con-inner\">\n\t\t\t\t<div class=\"elementor-element elementor-element-b5c4009 elementor-widget elementor-widget-ts-products\" data-id=\"b5c4009\" data-element_type=\"widget\" data-widget_type=\"ts-products.default\">\n\t\t\t\t<div class=\"elementor-widget-container\">\n\t\t\t\t\t\t\t\t<div class=\"ts-elementor-lazy-load type-product title-default\">\n\t\t\t\t\t\t\t<div class=\"placeholder-widget-title\"><\/div>\n\t\t\t\t\t\t\t\t\n\t\t\t\t<div class=\"placeholder-items columns-4 is-slider\" style=\"--lazy-cols: 4\">\n\t\t\t\t\t\t\t\t\t<div class=\"placeholder-item\">\n\t\t\t\t\t\t<div class=\"placeholder-thumb\"><\/div>\n\t\t\t\t\t\t\t\t\t\t\t\t\t<div class=\"placeholder-title\"><\/div>\n\t\t\t\t\t\t\t\t\t\t\t\t\t\t\t<div class=\"placeholder-subtitle\"><\/div>\n\t\t\t\t\t\t\t\t\t\t\t\t\t\t\t\t\t\t<\/div>\n\t\t\t\t\t\t\t\t\t<div class=\"placeholder-item\">\n\t\t\t\t\t\t<div class=\"placeholder-thumb\"><\/div>\n\t\t\t\t\t\t\t\t\t\t\t\t\t<div class=\"placeholder-title\"><\/div>\n\t\t\t\t\t\t\t\t\t\t\t\t\t\t\t<div class=\"placeholder-subtitle\"><\/div>\n\t\t\t\t\t\t\t\t\t\t\t\t\t\t\t\t\t\t<\/div>\n\t\t\t\t\t\t\t\t\t<div class=\"placeholder-item\">\n\t\t\t\t\t\t<div class=\"placeholder-thumb\"><\/div>\n\t\t\t\t\t\t\t\t\t\t\t\t\t<div class=\"placeholder-title\"><\/div>\n\t\t\t\t\t\t\t\t\t\t\t\t\t\t\t<div class=\"placeholder-subtitle\"><\/div>\n\t\t\t\t\t\t\t\t\t\t\t\t\t\t\t\t\t\t<\/div>\n\t\t\t\t\t\t\t\t\t<div class=\"placeholder-item\">\n\t\t\t\t\t\t<div class=\"placeholder-thumb\"><\/div>\n\t\t\t\t\t\t\t\t\t\t\t\t\t<div class=\"placeholder-title\"><\/div>\n\t\t\t\t\t\t\t\t\t\t\t\t\t\t\t<div class=\"placeholder-subtitle\"><\/div>\n\t\t\t\t\t\t\t\t\t\t\t\t\t\t\t\t\t\t<\/div>\n\t\t\t\t\t\t\t\t<\/div>\n\t\t\t<\/div>\n\t\t\t\t\t\t\t<\/div>\n\t\t\t\t<\/div>\n\t\t\t\t\t<\/div>\n\t\t\t\t<\/div>\n\t\t<div class=\"elementor-element elementor-element-27244be e-flex e-con-boxed e-con e-parent\" data-id=\"27244be\" data-element_type=\"container\">\n\t\t\t\t\t<div class=\"e-con-inner\">\n\t\t\t\t<div class=\"elementor-element elementor-element-972e764 elementor-widget elementor-widget-ts-products\" data-id=\"972e764\" data-element_type=\"widget\" data-widget_type=\"ts-products.default\">\n\t\t\t\t<div class=\"elementor-widget-container\">\n\t\t\t\t\t\t\t\t<div class=\"ts-elementor-lazy-load type-product title-default\">\n\t\t\t\t\t\t\t<div class=\"placeholder-widget-title\"><\/div>\n\t\t\t\t\t\t\t\t\n\t\t\t\t<div class=\"placeholder-items columns-4 is-slider\" style=\"--lazy-cols: 4\">\n\t\t\t\t\t\t\t\t\t<div class=\"placeholder-item\">\n\t\t\t\t\t\t<div class=\"placeholder-thumb\"><\/div>\n\t\t\t\t\t\t\t\t\t\t\t\t\t<div class=\"placeholder-title\"><\/div>\n\t\t\t\t\t\t\t\t\t\t\t\t\t\t\t<div class=\"placeholder-subtitle\"><\/div>\n\t\t\t\t\t\t\t\t\t\t\t\t\t\t\t\t\t\t<\/div>\n\t\t\t\t\t\t\t\t\t<div class=\"placeholder-item\">\n\t\t\t\t\t\t<div class=\"placeholder-thumb\"><\/div>\n\t\t\t\t\t\t\t\t\t\t\t\t\t<div class=\"placeholder-title\"><\/div>\n\t\t\t\t\t\t\t\t\t\t\t\t\t\t\t<div class=\"placeholder-subtitle\"><\/div>\n\t\t\t\t\t\t\t\t\t\t\t\t\t\t\t\t\t\t<\/div>\n\t\t\t\t\t\t\t\t\t<div class=\"placeholder-item\">\n\t\t\t\t\t\t<div class=\"placeholder-thumb\"><\/div>\n\t\t\t\t\t\t\t\t\t\t\t\t\t<div class=\"placeholder-title\"><\/div>\n\t\t\t\t\t\t\t\t\t\t\t\t\t\t\t<div class=\"placeholder-subtitle\"><\/div>\n\t\t\t\t\t\t\t\t\t\t\t\t\t\t\t\t\t\t<\/div>\n\t\t\t\t\t\t\t\t\t<div class=\"placeholder-item\">\n\t\t\t\t\t\t<div class=\"placeholder-thumb\"><\/div>\n\t\t\t\t\t\t\t\t\t\t\t\t\t<div class=\"placeholder-title\"><\/div>\n\t\t\t\t\t\t\t\t\t\t\t\t\t\t\t<div class=\"placeholder-subtitle\"><\/div>\n\t\t\t\t\t\t\t\t\t\t\t\t\t\t\t\t\t\t<\/div>\n\t\t\t\t\t\t\t\t<\/div>\n\t\t\t<\/div>\n\t\t\t\t\t\t\t<\/div>\n\t\t\t\t<\/div>\n\t\t\t\t\t<\/div>\n\t\t\t\t<\/div>\n\t\t<div class=\"elementor-element elementor-element-5c3d358 e-flex e-con-boxed e-con e-parent\" data-id=\"5c3d358\" data-element_type=\"container\">\n\t\t\t\t\t<div class=\"e-con-inner\">\n\t\t\t\t<div class=\"elementor-element elementor-element-537dbcd elementor-widget elementor-widget-ts-products\" data-id=\"537dbcd\" data-element_type=\"widget\" data-widget_type=\"ts-products.default\">\n\t\t\t\t<div class=\"elementor-widget-container\">\n\t\t\t\t\t\t\t\t<div class=\"ts-elementor-lazy-load type-product title-default\">\n\t\t\t\t\t\t\t<div class=\"placeholder-widget-title\"><\/div>\n\t\t\t\t\t\t\t\t\n\t\t\t\t<div class=\"placeholder-items columns-4 is-slider\" style=\"--lazy-cols: 4\">\n\t\t\t\t\t\t\t\t\t<div class=\"placeholder-item\">\n\t\t\t\t\t\t<div class=\"placeholder-thumb\"><\/div>\n\t\t\t\t\t\t\t\t\t\t\t\t\t<div class=\"placeholder-title\"><\/div>\n\t\t\t\t\t\t\t\t\t\t\t\t\t\t\t<div class=\"placeholder-subtitle\"><\/div>\n\t\t\t\t\t\t\t\t\t\t\t\t\t\t\t\t\t\t<\/div>\n\t\t\t\t\t\t\t\t\t<div class=\"placeholder-item\">\n\t\t\t\t\t\t<div class=\"placeholder-thumb\"><\/div>\n\t\t\t\t\t\t\t\t\t\t\t\t\t<div class=\"placeholder-title\"><\/div>\n\t\t\t\t\t\t\t\t\t\t\t\t\t\t\t<div class=\"placeholder-subtitle\"><\/div>\n\t\t\t\t\t\t\t\t\t\t\t\t\t\t\t\t\t\t<\/div>\n\t\t\t\t\t\t\t\t\t<div class=\"placeholder-item\">\n\t\t\t\t\t\t<div class=\"placeholder-thumb\"><\/div>\n\t\t\t\t\t\t\t\t\t\t\t\t\t<div class=\"placeholder-title\"><\/div>\n\t\t\t\t\t\t\t\t\t\t\t\t\t\t\t<div class=\"placeholder-subtitle\"><\/div>\n\t\t\t\t\t\t\t\t\t\t\t\t\t\t\t\t\t\t<\/div>\n\t\t\t\t\t\t\t\t\t<div class=\"placeholder-item\">\n\t\t\t\t\t\t<div class=\"placeholder-thumb\"><\/div>\n\t\t\t\t\t\t\t\t\t\t\t\t\t<div class=\"placeholder-title\"><\/div>\n\t\t\t\t\t\t\t\t\t\t\t\t\t\t\t<div class=\"placeholder-subtitle\"><\/div>\n\t\t\t\t\t\t\t\t\t\t\t\t\t\t\t\t\t\t<\/div>\n\t\t\t\t\t\t\t\t<\/div>\n\t\t\t<\/div>\n\t\t\t\t\t\t\t<\/div>\n\t\t\t\t<\/div>\n\t\t\t\t\t<\/div>\n\t\t\t\t<\/div>\n\t\t\t\t<\/div>\n\t\t","protected":false},"excerpt":{"rendered":"<p>Free delivery from 50\u20ac Quality meets prices Can be gift-wrapped Nightdress Comfortable and stylish Low prices Sportswear Movement, energy, style Great deals Sexy Sets Seduce New products Nor\u0173 s\u0105ra\u0161as Per\u017ei\u016br\u0117tiPasirinkti savybes Chalet Armante 15.55&euro; &ndash; 15.90&euro; Pasirinkti savybes Nor\u0173 s\u0105ra\u0161as Nor\u0173 s\u0105ra\u0161as Per\u017ei\u016br\u0117tiPasirinkti savybes Bedside table French charm 15.55&euro; Pasirinkti savybes Nor\u0173 s\u0105ra\u0161as Nor\u0173 s\u0105ra\u0161as [&hellip;]<\/p>\n","protected":false},"author":1,"featured_media":0,"parent":0,"menu_order":0,"comment_status":"closed","ping_status":"closed","template":"","meta":{"footnotes":""},"class_list":["post-25876","page","type-page","status-publish","hentry"],"yoast_head":"<!-- This site is optimized with the Yoast SEO plugin v25.3.1 - https:\/\/yoast.com\/wordpress\/plugins\/seo\/ -->\n<title>Home - OnLove<\/title>\n<meta name=\"robots\" content=\"index, follow, max-snippet:-1, max-image-preview:large, max-video-preview:-1\" \/>\n<link rel=\"canonical\" href=\"https:\/\/onlove.lt\/en\/\" \/>\n<meta property=\"og:locale\" content=\"en_US\" \/>\n<meta property=\"og:type\" content=\"article\" \/>\n<meta property=\"og:title\" content=\"Home - OnLove\" \/>\n<meta property=\"og:description\" content=\"Free delivery from 50\u20ac Quality meets prices Can be gift-wrapped Nightdress Comfortable and stylish Low prices Sportswear Movement, energy, style Great deals Sexy Sets Seduce New products Nor\u0173 s\u0105ra\u0161as Per\u017ei\u016br\u0117tiPasirinkti savybes Chalet Armante 15.55&euro; &ndash; 15.90&euro; Pasirinkti savybes Nor\u0173 s\u0105ra\u0161as Nor\u0173 s\u0105ra\u0161as Per\u017ei\u016br\u0117tiPasirinkti savybes Bedside table French charm 15.55&euro; Pasirinkti savybes Nor\u0173 s\u0105ra\u0161as Nor\u0173 s\u0105ra\u0161as [&hellip;]\" \/>\n<meta property=\"og:url\" content=\"https:\/\/onlove.lt\/en\/\" \/>\n<meta property=\"og:site_name\" content=\"OnLove\" \/>\n<meta property=\"article:modified_time\" content=\"2025-06-26T18:51:30+00:00\" \/>\n<meta property=\"og:image\" content=\"https:\/\/onlove.lt\/wp-content\/uploads\/2025\/03\/2020011519400520520.jpg\" \/>\n<meta name=\"twitter:card\" content=\"summary_large_image\" \/>\n<meta name=\"twitter:label1\" content=\"Est. reading time\" \/>\n\t<meta name=\"twitter:data1\" content=\"10 minutes\" \/>\n<script type=\"application\/ld+json\" class=\"yoast-schema-graph\">{\"@context\":\"https:\/\/schema.org\",\"@graph\":[{\"@type\":\"WebPage\",\"@id\":\"https:\/\/onlove.lt\/en\/\",\"url\":\"https:\/\/onlove.lt\/en\/\",\"name\":\"Home - OnLove\",\"isPartOf\":{\"@id\":\"https:\/\/onlove.lt\/en\/#website\"},\"primaryImageOfPage\":{\"@id\":\"https:\/\/onlove.lt\/en\/#primaryimage\"},\"image\":{\"@id\":\"https:\/\/onlove.lt\/en\/#primaryimage\"},\"thumbnailUrl\":\"https:\/\/onlove.lt\/wp-content\/uploads\/2025\/03\/2020011519400520520.jpg\",\"datePublished\":\"2023-06-26T13:56:49+00:00\",\"dateModified\":\"2025-06-26T18:51:30+00:00\",\"breadcrumb\":{\"@id\":\"https:\/\/onlove.lt\/en\/#breadcrumb\"},\"inLanguage\":\"en-US\",\"potentialAction\":[{\"@type\":\"ReadAction\",\"target\":[\"https:\/\/onlove.lt\/en\/\"]}]},{\"@type\":\"ImageObject\",\"inLanguage\":\"en-US\",\"@id\":\"https:\/\/onlove.lt\/en\/#primaryimage\",\"url\":\"https:\/\/onlove.lt\/wp-content\/uploads\/2025\/03\/2020011519400520520.jpg\",\"contentUrl\":\"https:\/\/onlove.lt\/wp-content\/uploads\/2025\/03\/2020011519400520520.jpg\"},{\"@type\":\"BreadcrumbList\",\"@id\":\"https:\/\/onlove.lt\/en\/#breadcrumb\",\"itemListElement\":[{\"@type\":\"ListItem\",\"position\":1,\"name\":\"Home\",\"item\":\"https:\/\/onlove.lt\/en\/\"},{\"@type\":\"ListItem\",\"position\":2,\"name\":\"Home\"}]},{\"@type\":\"WebSite\",\"@id\":\"https:\/\/onlove.lt\/en\/#website\",\"url\":\"https:\/\/onlove.lt\/en\/\",\"name\":\"OnLove\",\"description\":\"Kai gro\u017eis sutinka patogum\u0105\",\"publisher\":{\"@id\":\"https:\/\/onlove.lt\/en\/#organization\"},\"potentialAction\":[{\"@type\":\"SearchAction\",\"target\":{\"@type\":\"EntryPoint\",\"urlTemplate\":\"https:\/\/onlove.lt\/en\/?s={search_term_string}\"},\"query-input\":{\"@type\":\"PropertyValueSpecification\",\"valueRequired\":true,\"valueName\":\"search_term_string\"}}],\"inLanguage\":\"en-US\"},{\"@type\":\"Organization\",\"@id\":\"https:\/\/onlove.lt\/en\/#organization\",\"name\":\"OnLove\",\"url\":\"https:\/\/onlove.lt\/en\/\",\"logo\":{\"@type\":\"ImageObject\",\"inLanguage\":\"en-US\",\"@id\":\"https:\/\/onlove.lt\/en\/#\/schema\/logo\/image\/\",\"url\":\"https:\/\/onlove.lt\/wp-content\/uploads\/2025\/02\/logo.svg\",\"contentUrl\":\"https:\/\/onlove.lt\/wp-content\/uploads\/2025\/02\/logo.svg\",\"width\":240,\"height\":115,\"caption\":\"OnLove\"},\"image\":{\"@id\":\"https:\/\/onlove.lt\/en\/#\/schema\/logo\/image\/\"},\"sameAs\":[\"https:\/\/www.instagram.com\/onlove.lt\"]}]}<\/script>\n<!-- \/ Yoast SEO plugin. -->","yoast_head_json":{"title":"Home - OnLove","robots":{"index":"index","follow":"follow","max-snippet":"max-snippet:-1","max-image-preview":"max-image-preview:large","max-video-preview":"max-video-preview:-1"},"canonical":"https:\/\/onlove.lt\/en\/","og_locale":"en_US","og_type":"article","og_title":"Home - OnLove","og_description":"Free delivery from 50\u20ac Quality meets prices Can be gift-wrapped Nightdress Comfortable and stylish Low prices Sportswear Movement, energy, style Great deals Sexy Sets Seduce New products Nor\u0173 s\u0105ra\u0161as Per\u017ei\u016br\u0117tiPasirinkti savybes Chalet Armante 15.55&euro; &ndash; 15.90&euro; Pasirinkti savybes Nor\u0173 s\u0105ra\u0161as Nor\u0173 s\u0105ra\u0161as Per\u017ei\u016br\u0117tiPasirinkti savybes Bedside table French charm 15.55&euro; Pasirinkti savybes Nor\u0173 s\u0105ra\u0161as Nor\u0173 s\u0105ra\u0161as [&hellip;]","og_url":"https:\/\/onlove.lt\/en\/","og_site_name":"OnLove","article_modified_time":"2025-06-26T18:51:30+00:00","og_image":[{"url":"https:\/\/onlove.lt\/wp-content\/uploads\/2025\/03\/2020011519400520520.jpg","type":"","width":"","height":""}],"twitter_card":"summary_large_image","twitter_misc":{"Est. reading time":"10 minutes"},"schema":{"@context":"https:\/\/schema.org","@graph":[{"@type":"WebPage","@id":"https:\/\/onlove.lt\/en\/","url":"https:\/\/onlove.lt\/en\/","name":"Home - OnLove","isPartOf":{"@id":"https:\/\/onlove.lt\/en\/#website"},"primaryImageOfPage":{"@id":"https:\/\/onlove.lt\/en\/#primaryimage"},"image":{"@id":"https:\/\/onlove.lt\/en\/#primaryimage"},"thumbnailUrl":"https:\/\/onlove.lt\/wp-content\/uploads\/2025\/03\/2020011519400520520.jpg","datePublished":"2023-06-26T13:56:49+00:00","dateModified":"2025-06-26T18:51:30+00:00","breadcrumb":{"@id":"https:\/\/onlove.lt\/en\/#breadcrumb"},"inLanguage":"en-US","potentialAction":[{"@type":"ReadAction","target":["https:\/\/onlove.lt\/en\/"]}]},{"@type":"ImageObject","inLanguage":"en-US","@id":"https:\/\/onlove.lt\/en\/#primaryimage","url":"https:\/\/onlove.lt\/wp-content\/uploads\/2025\/03\/2020011519400520520.jpg","contentUrl":"https:\/\/onlove.lt\/wp-content\/uploads\/2025\/03\/2020011519400520520.jpg"},{"@type":"BreadcrumbList","@id":"https:\/\/onlove.lt\/en\/#breadcrumb","itemListElement":[{"@type":"ListItem","position":1,"name":"Home","item":"https:\/\/onlove.lt\/en\/"},{"@type":"ListItem","position":2,"name":"Home"}]},{"@type":"WebSite","@id":"https:\/\/onlove.lt\/en\/#website","url":"https:\/\/onlove.lt\/en\/","name":"OnLove","description":"Kai gro\u017eis sutinka patogum\u0105","publisher":{"@id":"https:\/\/onlove.lt\/en\/#organization"},"potentialAction":[{"@type":"SearchAction","target":{"@type":"EntryPoint","urlTemplate":"https:\/\/onlove.lt\/en\/?s={search_term_string}"},"query-input":{"@type":"PropertyValueSpecification","valueRequired":true,"valueName":"search_term_string"}}],"inLanguage":"en-US"},{"@type":"Organization","@id":"https:\/\/onlove.lt\/en\/#organization","name":"OnLove","url":"https:\/\/onlove.lt\/en\/","logo":{"@type":"ImageObject","inLanguage":"en-US","@id":"https:\/\/onlove.lt\/en\/#\/schema\/logo\/image\/","url":"https:\/\/onlove.lt\/wp-content\/uploads\/2025\/02\/logo.svg","contentUrl":"https:\/\/onlove.lt\/wp-content\/uploads\/2025\/02\/logo.svg","width":240,"height":115,"caption":"OnLove"},"image":{"@id":"https:\/\/onlove.lt\/en\/#\/schema\/logo\/image\/"},"sameAs":["https:\/\/www.instagram.com\/onlove.lt"]}]}},"_links":{"self":[{"href":"https:\/\/onlove.lt\/en\/wp-json\/wp\/v2\/pages\/25876","targetHints":{"allow":["GET"]}}],"collection":[{"href":"https:\/\/onlove.lt\/en\/wp-json\/wp\/v2\/pages"}],"about":[{"href":"https:\/\/onlove.lt\/en\/wp-json\/wp\/v2\/types\/page"}],"author":[{"embeddable":true,"href":"https:\/\/onlove.lt\/en\/wp-json\/wp\/v2\/users\/1"}],"replies":[{"embeddable":true,"href":"https:\/\/onlove.lt\/en\/wp-json\/wp\/v2\/comments?post=25876"}],"version-history":[{"count":23,"href":"https:\/\/onlove.lt\/en\/wp-json\/wp\/v2\/pages\/25876\/revisions"}],"predecessor-version":[{"id":26678,"href":"https:\/\/onlove.lt\/en\/wp-json\/wp\/v2\/pages\/25876\/revisions\/26678"}],"wp:attachment":[{"href":"https:\/\/onlove.lt\/en\/wp-json\/wp\/v2\/media?parent=25876"}],"curies":[{"name":"wp","href":"https:\/\/api.w.org\/{rel}","templated":true}]}}